{"id":6116,"date":"2023-07-18T17:25:20","date_gmt":"2023-07-18T15:25:20","guid":{"rendered":"https:\/\/dev.dampioneers.com\/erfolgsstorys\/"},"modified":"2026-04-24T16:36:58","modified_gmt":"2026-04-24T14:36:58","slug":"erfolgsstorys","status":"publish","type":"page","link":"https:\/\/www.dampioneers.com\/de\/erfolgsstorys\/","title":{"rendered":"Success Stories"},"content":{"rendered":"\t\t<div data-elementor-type=\"wp-page\" data-elementor-id=\"6116\" class=\"elementor elementor-6116 elementor-6107\" data-elementor-post-type=\"page\">\n\t\t\t\t\t\t<section class=\"elementor-section elementor-top-section elementor-element elementor-element-1f09fcde elementor-section-full_width elementor-section-height-min-height elementor-section-items-stretch elementor-section-content-middle elementor-section-height-default\" data-id=\"1f09fcde\" data-element_type=\"section\" data-e-type=\"section\" data-settings=\"{&quot;background_background&quot;:&quot;classic&quot;}\">\n\t\t\t\t\t\t\t<div class=\"elementor-background-overlay\"><\/div>\n\t\t\t\t\t\t\t<div class=\"elementor-container elementor-column-gap-default\">\n\t\t\t\t\t<div class=\"elementor-column elementor-col-50 elementor-top-column elementor-element elementor-element-1d67c93\" data-id=\"1d67c93\" data-element_type=\"column\" data-e-type=\"column\">\n\t\t\t<div class=\"elementor-widget-wrap elementor-element-populated\">\n\t\t\t\t\t\t<div class=\"elementor-element elementor-element-f406f00 elementor-widget elementor-widget-image\" data-id=\"f406f00\" data-element_type=\"widget\" data-e-type=\"widget\" data-widget_type=\"image.default\">\n\t\t\t\t<div class=\"elementor-widget-container\">\n\t\t\t\t\t\t\t\t\t\t\t\t\t\t\t<img fetchpriority=\"high\" decoding=\"async\" width=\"1560\" height=\"1170\" src=\"https:\/\/www.dampioneers.com\/wp-content\/uploads\/2023\/06\/Office_building_contact-e1689849546689.jpg\" class=\"attachment-full size-full wp-image-5550\" alt=\"Client offices client project success story\" title=\"\">\t\t\t\t\t\t\t\t\t\t\t\t\t\t\t<\/div>\n\t\t\t\t<\/div>\n\t\t\t\t\t<\/div>\n\t\t<\/div>\n\t\t\t\t<div class=\"elementor-column elementor-col-50 elementor-top-column elementor-element elementor-element-2d6d46df\" data-id=\"2d6d46df\" data-element_type=\"column\" data-e-type=\"column\">\n\t\t\t<div class=\"elementor-widget-wrap elementor-element-populated\">\n\t\t\t\t\t\t<div class=\"elementor-element elementor-element-d1de2e8 elementor-widget elementor-widget-heading\" data-id=\"d1de2e8\" data-element_type=\"widget\" data-e-type=\"widget\" data-widget_type=\"heading.default\">\n\t\t\t\t<div class=\"elementor-widget-container\">\n\t\t\t\t\t<h2 class=\"elementor-heading-title elementor-size-default\">Success Stories<\/h2>\t\t\t\t<\/div>\n\t\t\t\t<\/div>\n\t\t\t\t<div class=\"elementor-element elementor-element-17b6f60c elementor-invisible elementor-widget elementor-widget-heading\" data-id=\"17b6f60c\" data-element_type=\"widget\" data-e-type=\"widget\" data-settings=\"{&quot;_animation&quot;:&quot;fadeInRight&quot;}\" data-widget_type=\"heading.default\">\n\t\t\t\t<div class=\"elementor-widget-container\">\n\t\t\t\t\t<h1 class=\"elementor-heading-title elementor-size-default\">Erfolgreiche<\/h1>\t\t\t\t<\/div>\n\t\t\t\t<\/div>\n\t\t\t\t<div class=\"elementor-element elementor-element-d4f763f elementor-invisible elementor-widget elementor-widget-heading\" data-id=\"d4f763f\" data-element_type=\"widget\" data-e-type=\"widget\" data-settings=\"{&quot;_animation&quot;:&quot;fadeInRight&quot;}\" data-widget_type=\"heading.default\">\n\t\t\t\t<div class=\"elementor-widget-container\">\n\t\t\t\t\t<h1 class=\"elementor-heading-title elementor-size-default\">Kunden Projekte<\/h1>\t\t\t\t<\/div>\n\t\t\t\t<\/div>\n\t\t\t\t<div class=\"elementor-element elementor-element-649779b3 elementor-invisible elementor-widget elementor-widget-text-editor\" data-id=\"649779b3\" data-element_type=\"widget\" data-e-type=\"widget\" data-settings=\"{&quot;_animation&quot;:&quot;fadeInUp&quot;}\" data-widget_type=\"text-editor.default\">\n\t\t\t\t<div class=\"elementor-widget-container\">\n\t\t\t\t\t\t\t\t\t<p>Lesen Sie wie dampioneers seinen Kunden hilft, mit effizienten Prozessen rund um Digital Asset Management L\u00f6sungen erfolgreich zu sein<\/p>\n\t\t\t\t\t\t\t\t<\/div>\n\t\t\t\t<\/div>\n\t\t\t\t<div class=\"elementor-element elementor-element-99a8e0d elementor-align-left animated-slow elementor-invisible elementor-widget elementor-widget-button\" data-id=\"99a8e0d\" data-element_type=\"widget\" data-e-type=\"widget\" data-settings=\"{&quot;_animation&quot;:&quot;fadeIn&quot;}\" data-widget_type=\"button.default\">\n\t\t\t\t<div class=\"elementor-widget-container\">\n\t\t\t\t\t\t\t\t\t<div class=\"elementor-button-wrapper\">\n\t\t\t\t\t<a class=\"elementor-button elementor-button-link elementor-size-sm\" href=\"#success-stories\">\n\t\t\t\t\t\t<span class=\"elementor-button-content-wrapper\">\n\t\t\t\t\t\t<span class=\"elementor-button-icon\">\n\t\t\t\t<i aria-hidden=\"true\" class=\"fas fa-chevron-down\"><\/i>\t\t\t<\/span>\n\t\t\t\t\t\t\t\t\t<span class=\"elementor-button-text\">Zu den Projekten<\/span>\n\t\t\t\t\t<\/span>\n\t\t\t\t\t<\/a>\n\t\t\t\t<\/div>\n\t\t\t\t\t\t\t\t<\/div>\n\t\t\t\t<\/div>\n\t\t\t\t\t<\/div>\n\t\t<\/div>\n\t\t\t\t\t<\/div>\n\t\t<\/section>\n\t\t\t\t<section class=\"elementor-section elementor-top-section elementor-element elementor-element-90f3f0d elementor-section-full_width elementor-section-height-default elementor-section-height-default\" data-id=\"90f3f0d\" data-element_type=\"section\" data-e-type=\"section\" id=\"success-stories\">\n\t\t\t\t\t\t<div class=\"elementor-container elementor-column-gap-default\">\n\t\t\t\t\t<div class=\"elementor-column elementor-col-100 elementor-top-column elementor-element elementor-element-2da1924\" data-id=\"2da1924\" data-element_type=\"column\" data-e-type=\"column\">\n\t\t\t<div class=\"elementor-widget-wrap elementor-element-populated\">\n\t\t\t\t\t\t<div class=\"elementor-element elementor-element-6b88e79 elementor-grid-3 elementor-grid-tablet-2 elementor-grid-mobile-1 elementor-posts--thumbnail-top elementor-card-shadow-yes elementor-posts__hover-gradient elementor-widget elementor-widget-posts\" data-id=\"6b88e79\" data-element_type=\"widget\" data-e-type=\"widget\" data-settings=\"{&quot;pagination_type&quot;:&quot;load_more_infinite_scroll&quot;,&quot;load_more_spinner&quot;:{&quot;value&quot;:&quot;fas fa-circle-notch&quot;,&quot;library&quot;:&quot;fa-solid&quot;},&quot;cards_columns&quot;:&quot;3&quot;,&quot;cards_columns_tablet&quot;:&quot;2&quot;,&quot;cards_columns_mobile&quot;:&quot;1&quot;,&quot;cards_row_gap&quot;:{&quot;unit&quot;:&quot;px&quot;,&quot;size&quot;:35,&quot;sizes&quot;:[]},&quot;cards_row_gap_laptop&quot;:{&quot;unit&quot;:&quot;px&quot;,&quot;size&quot;:&quot;&quot;,&quot;sizes&quot;:[]},&quot;cards_row_gap_tablet&quot;:{&quot;unit&quot;:&quot;px&quot;,&quot;size&quot;:&quot;&quot;,&quot;sizes&quot;:[]},&quot;cards_row_gap_mobile&quot;:{&quot;unit&quot;:&quot;px&quot;,&quot;size&quot;:&quot;&quot;,&quot;sizes&quot;:[]}}\" data-widget_type=\"posts.cards\">\n\t\t\t\t<div class=\"elementor-widget-container\">\n\t\t\t\t\t\t\t<div class=\"elementor-posts-container elementor-posts elementor-posts--skin-cards elementor-grid\" role=\"list\">\n\t\t\t\t<article class=\"elementor-post elementor-grid-item post-10651 post type-post status-publish format-standard has-post-thumbnail hentry category-dam-case-study-de-2 tag-stihl\" role=\"listitem\">\n\t\t\t<div class=\"elementor-post__card\">\n\t\t\t\t<a class=\"elementor-post__thumbnail__link\" href=\"https:\/\/www.dampioneers.com\/de\/abloesung-von-azure-media-services-als-globaler-streaming-dienst\/\" tabindex=\"-1\" ><div class=\"elementor-post__thumbnail\"><img decoding=\"async\" width=\"960\" height=\"553\" src=\"https:\/\/www.dampioneers.com\/wp-content\/uploads\/2026\/01\/vieostreaming_case_study.webp\" class=\"attachment-full size-full wp-image-10639\" alt=\"Azure Media Service replacement\" title=\"\"><\/div><\/a>\n\t\t\t\t<div class=\"elementor-post__badge\">Case Study<\/div>\n\t\t\t\t<div class=\"elementor-post__text\">\n\t\t\t\t<h3 class=\"elementor-post__title\">\n\t\t\t<a href=\"https:\/\/www.dampioneers.com\/de\/abloesung-von-azure-media-services-als-globaler-streaming-dienst\/\" >\n\t\t\t\tAbl\u00f6sung von Azure Media Services als globaler Streaming Dienst\t\t\t<\/a>\n\t\t<\/h3>\n\t\t\t\t<div class=\"elementor-post__excerpt\">\n\t\t\t<p>Als Microsoft die Einstellung der Azure Media Services (AMS) ank\u00fcndigte, stand unser Kunde, ein hidden Champion im Bereich Outdoor Werkzeugtechnik,\t\t<\/div>\n\t\t\t\t\t<div class=\"elementor-post__read-more-wrapper\">\n\t\t\n\t\t<a class=\"elementor-post__read-more\" href=\"https:\/\/www.dampioneers.com\/de\/abloesung-von-azure-media-services-als-globaler-streaming-dienst\/\" aria-label=\"Mehr \u00fcber Abl\u00f6sung von Azure Media Services als globaler Streaming Dienst\" tabindex=\"-1\" >\n\t\t\tWeiterlesen \u00bb\t\t<\/a>\n\n\t\t\t\t\t<\/div>\n\t\t\t\t<\/div>\n\t\t\t\t\t<\/div>\n\t\t<\/article>\n\t\t\t\t<article class=\"elementor-post elementor-grid-item post-7382 post type-post status-publish format-standard has-post-thumbnail hentry category-dam-case-study-de-2 tag-eintracht-frankfurt-de\" role=\"listitem\">\n\t\t\t<div class=\"elementor-post__card\">\n\t\t\t\t<a class=\"elementor-post__thumbnail__link\" href=\"https:\/\/www.dampioneers.com\/de\/ki-erkennt-spieler-und-sponsoren-bundesliga-eintracht-frankfurt\/\" tabindex=\"-1\" ><div class=\"elementor-post__thumbnail\"><img decoding=\"async\" width=\"960\" height=\"553\" src=\"https:\/\/www.dampioneers.com\/wp-content\/uploads\/2024\/09\/scoreplay_sge.webp\" class=\"attachment-full size-full wp-image-9695\" alt=\"Eintracht Frankfurt\" title=\"\"><\/div><\/a>\n\t\t\t\t<div class=\"elementor-post__badge\">Case Study<\/div>\n\t\t\t\t<div class=\"elementor-post__text\">\n\t\t\t\t<h3 class=\"elementor-post__title\">\n\t\t\t<a href=\"https:\/\/www.dampioneers.com\/de\/ki-erkennt-spieler-und-sponsoren-bundesliga-eintracht-frankfurt\/\" >\n\t\t\t\tDAM AI erkennt Spieler &#8211; ein Gamechanger f\u00fcr Bundesligist Eintracht Frankfurt\t\t\t<\/a>\n\t\t<\/h3>\n\t\t\t\t<div class=\"elementor-post__excerpt\">\n\t\t\t<p>W\u00e4hrend eines Live Events werden eine Vielzahl von Bildern von sowohl internen, also auch externen Fotografen produziert, die schnellstm\u00f6glich, noch\t\t<\/div>\n\t\t\t\t\t<div class=\"elementor-post__read-more-wrapper\">\n\t\t\n\t\t<a class=\"elementor-post__read-more\" href=\"https:\/\/www.dampioneers.com\/de\/ki-erkennt-spieler-und-sponsoren-bundesliga-eintracht-frankfurt\/\" aria-label=\"Mehr \u00fcber DAM AI erkennt Spieler &#8211; ein Gamechanger f\u00fcr Bundesligist Eintracht Frankfurt\" tabindex=\"-1\" >\n\t\t\tWeiterlesen \u00bb\t\t<\/a>\n\n\t\t\t\t\t<\/div>\n\t\t\t\t<\/div>\n\t\t\t\t\t<\/div>\n\t\t<\/article>\n\t\t\t\t<article class=\"elementor-post elementor-grid-item post-5532 post type-post status-publish format-standard has-post-thumbnail hentry category-dam-case-study-de-2 tag-s-oliver-de\" role=\"listitem\">\n\t\t\t<div class=\"elementor-post__card\">\n\t\t\t\t<a class=\"elementor-post__thumbnail__link\" href=\"https:\/\/www.dampioneers.com\/de\/produktdaten-content-e-commerce\/\" tabindex=\"-1\" ><div class=\"elementor-post__thumbnail\"><img loading=\"lazy\" decoding=\"async\" width=\"960\" height=\"553\" src=\"https:\/\/www.dampioneers.com\/wp-content\/uploads\/2023\/07\/sOliver_post_hero.webp\" class=\"attachment-full size-full wp-image-6484\" alt=\"product data, produktdaten, e-commerce, content, s.Oliver\" title=\"\"><\/div><\/a>\n\t\t\t\t<div class=\"elementor-post__badge\">Case Study<\/div>\n\t\t\t\t<div class=\"elementor-post__text\">\n\t\t\t\t<h3 class=\"elementor-post__title\">\n\t\t\t<a href=\"https:\/\/www.dampioneers.com\/de\/produktdaten-content-e-commerce\/\" >\n\t\t\t\tModernes Produktdaten Management f\u00fcr e-commerce\t\t\t<\/a>\n\t\t<\/h3>\n\t\t\t\t<div class=\"elementor-post__excerpt\">\n\t\t\t<p>Das Produktdaten- und Content-Team von s.Oliver suchte nach einem Ersatz f\u00fcr sein bestehendes DAM-System und hatte den Wunsch, die bestehenden\t\t<\/div>\n\t\t\t\t\t<div class=\"elementor-post__read-more-wrapper\">\n\t\t\n\t\t<a class=\"elementor-post__read-more\" href=\"https:\/\/www.dampioneers.com\/de\/produktdaten-content-e-commerce\/\" aria-label=\"Mehr \u00fcber Modernes Produktdaten Management f\u00fcr e-commerce\" tabindex=\"-1\" >\n\t\t\tWeiterlesen \u00bb\t\t<\/a>\n\n\t\t\t\t\t<\/div>\n\t\t\t\t<\/div>\n\t\t\t\t\t<\/div>\n\t\t<\/article>\n\t\t\t\t<article class=\"elementor-post elementor-grid-item post-5445 post type-post status-publish format-standard has-post-thumbnail hentry category-dam-case-study-de-2 tag-sigvaris-group-de tag-thurgauer-kantonalbank-de\" role=\"listitem\">\n\t\t\t<div class=\"elementor-post__card\">\n\t\t\t\t<a class=\"elementor-post__thumbnail__link\" href=\"https:\/\/www.dampioneers.com\/de\/self-service-portal-fuer-regionale-marketing-teams\/\" tabindex=\"-1\" ><div class=\"elementor-post__thumbnail\"><img loading=\"lazy\" decoding=\"async\" width=\"960\" height=\"553\" src=\"https:\/\/www.dampioneers.com\/wp-content\/uploads\/2023\/05\/tkb_sigvaris_amagoo.webp\" class=\"attachment-full size-full wp-image-8311\" alt=\"Thurgauer Kantonalbank, Sigvaris Kundenprojekt\" title=\"\"><\/div><\/a>\n\t\t\t\t<div class=\"elementor-post__badge\">Case Study<\/div>\n\t\t\t\t<div class=\"elementor-post__text\">\n\t\t\t\t<h3 class=\"elementor-post__title\">\n\t\t\t<a href=\"https:\/\/www.dampioneers.com\/de\/self-service-portal-fuer-regionale-marketing-teams\/\" >\n\t\t\t\tSelf Service Portal f\u00fcr regionale Marketing Teams\t\t\t<\/a>\n\t\t<\/h3>\n\t\t\t\t<div class=\"elementor-post__excerpt\">\n\t\t\t<p>Je gr\u00f6\u00dfer das Unternehmen, desto komplizierter und ineffizienter kann die sichere Verteilung von Marketing-Assets an interne Abteilungen oder externe Partner\t\t<\/div>\n\t\t\t\t\t<div class=\"elementor-post__read-more-wrapper\">\n\t\t\n\t\t<a class=\"elementor-post__read-more\" href=\"https:\/\/www.dampioneers.com\/de\/self-service-portal-fuer-regionale-marketing-teams\/\" aria-label=\"Mehr \u00fcber Self Service Portal f\u00fcr regionale Marketing Teams\" tabindex=\"-1\" >\n\t\t\tWeiterlesen \u00bb\t\t<\/a>\n\n\t\t\t\t\t<\/div>\n\t\t\t\t<\/div>\n\t\t\t\t\t<\/div>\n\t\t<\/article>\n\t\t\t\t<article class=\"elementor-post elementor-grid-item post-5739 post type-post status-publish format-standard has-post-thumbnail hentry category-dam-case-study-de-2 category-product-management-de tag-bluprintx-de tag-io-integration-de\" role=\"listitem\">\n\t\t\t<div class=\"elementor-post__card\">\n\t\t\t\t<a class=\"elementor-post__thumbnail__link\" href=\"https:\/\/www.dampioneers.com\/de\/dateisystem-zugriff-auf-ihre-dam-assets\/\" tabindex=\"-1\" ><div class=\"elementor-post__thumbnail\"><img loading=\"lazy\" decoding=\"async\" width=\"960\" height=\"553\" src=\"https:\/\/www.dampioneers.com\/wp-content\/uploads\/2023\/02\/iodrive_hero.webp\" class=\"attachment-full size-full wp-image-6505\" alt=\"access, work-in-progress, sync, synchronization, Zugriff\" title=\"\"><\/div><\/a>\n\t\t\t\t<div class=\"elementor-post__badge\">Case Study<\/div>\n\t\t\t\t<div class=\"elementor-post__text\">\n\t\t\t\t<h3 class=\"elementor-post__title\">\n\t\t\t<a href=\"https:\/\/www.dampioneers.com\/de\/dateisystem-zugriff-auf-ihre-dam-assets\/\" >\n\t\t\t\tDateisystem Zugriff auf Ihre DAM Assets\t\t\t<\/a>\n\t\t<\/h3>\n\t\t\t\t<div class=\"elementor-post__excerpt\">\n\t\t\t<p>IO Integration Inc (jetzt Bluprint X), ein US-amerikanisches Technologieunternehmen, das sich auf die Integration von DAM-L\u00f6sungen spezialisiert hat, hatte auf\t\t<\/div>\n\t\t\t\t\t<div class=\"elementor-post__read-more-wrapper\">\n\t\t\n\t\t<a class=\"elementor-post__read-more\" href=\"https:\/\/www.dampioneers.com\/de\/dateisystem-zugriff-auf-ihre-dam-assets\/\" aria-label=\"Mehr \u00fcber Dateisystem Zugriff auf Ihre DAM Assets\" tabindex=\"-1\" >\n\t\t\tWeiterlesen \u00bb\t\t<\/a>\n\n\t\t\t\t\t<\/div>\n\t\t\t\t<\/div>\n\t\t\t\t\t<\/div>\n\t\t<\/article>\n\t\t\t\t<\/div>\n\t\t\t\t\t<span class=\"e-load-more-spinner\">\n\t\t\t\t<i aria-hidden=\"true\" class=\"fas fa-circle-notch\"><\/i>\t\t\t<\/span>\n\t\t\n\t\t\t\t\t\t<\/div>\n\t\t\t\t<\/div>\n\t\t\t\t<div class=\"elementor-element elementor-element-cafe568 elementor-widget elementor-widget-theme-post-title elementor-page-title elementor-widget-heading\" data-id=\"cafe568\" data-element_type=\"widget\" data-e-type=\"widget\" data-widget_type=\"theme-post-title.default\">\n\t\t\t\t<div class=\"elementor-widget-container\">\n\t\t\t\t\t<h1 class=\"elementor-heading-title elementor-size-default\">Dateisystem Zugriff auf Ihre DAM Assets<\/h1>\t\t\t\t<\/div>\n\t\t\t\t<\/div>\n\t\t\t\t\t<\/div>\n\t\t<\/div>\n\t\t\t\t\t<\/div>\n\t\t<\/section>\n\t\t\t\t<section class=\"elementor-section elementor-top-section elementor-element elementor-element-b394cf1 elementor-section-full_width elementor-section-height-min-height elementor-section-stretched elementor-section-height-default elementor-section-items-middle\" data-id=\"b394cf1\" data-element_type=\"section\" data-e-type=\"section\" data-settings=\"{&quot;stretch_section&quot;:&quot;section-stretched&quot;,&quot;background_background&quot;:&quot;gradient&quot;}\">\n\t\t\t\t\t\t<div class=\"elementor-container elementor-column-gap-default\">\n\t\t\t\t\t<div class=\"elementor-column elementor-col-100 elementor-top-column elementor-element elementor-element-4d2228c\" data-id=\"4d2228c\" data-element_type=\"column\" data-e-type=\"column\">\n\t\t\t<div class=\"elementor-widget-wrap elementor-element-populated\">\n\t\t\t\t\t\t<div class=\"elementor-element elementor-element-b15bf69 elementor-blockquote--skin-quotation elementor-blockquote--align-left elementor-widget elementor-widget-blockquote\" data-id=\"b15bf69\" data-element_type=\"widget\" data-e-type=\"widget\" data-widget_type=\"blockquote.default\">\n\t\t\t\t<div class=\"elementor-widget-container\">\n\t\t\t\t\t\t\t<blockquote class=\"elementor-blockquote\">\n\t\t\t<p class=\"elementor-blockquote__content\">\n\t\t\t\tTimos Professionalit\u00e4t auf dem Gebiet des Digital Asset Management (DAM) war au\u00dfergew\u00f6hnlich. Er hat sich aktiv mit den Stakeholdern bei s.Oliver auseinandergesetzt und das Projekt als Projektmanager effektiv geleitet. Timo \u00fcbernahm die volle Verantwortung und sorgte w\u00e4hrend unserer w\u00f6chentlichen Abstimmungsgespr\u00e4che stets f\u00fcr Transparenz in Bezug auf Fortschritt, Risiken, Budget und Umfang. Dar\u00fcber hinaus k\u00fcmmerte er sich aktiv um Follow-Ups und implementierte notwendige Verbesserungen, um eine reibungslose Ausf\u00fchrung und Unterst\u00fctzung f\u00fcr das Business Team zu gew\u00e4hrleisten. Es war ein Genuss, mit Timo zusammenzuarbeiten, und ich w\u00fcrde mich freuen, wenn sich die Gelegenheit ergibt, erneut mit ihm zusammenzuarbeiten.\t\t\t<\/p>\n\t\t\t\t\t\t\t<div class=\"e-q-footer\">\n\t\t\t\t\t\t\t\t\t\t\t<cite class=\"elementor-blockquote__author\">Frank Riedijk<\/cite>\n\t\t\t\t\t\t\t\t\t\t\t\t\t\t<\/div>\n\t\t\t\t\t<\/blockquote>\n\t\t\t\t\t\t<\/div>\n\t\t\t\t<\/div>\n\t\t\t\t<div class=\"elementor-element elementor-element-dbd2664 elementor-widget elementor-widget-heading\" data-id=\"dbd2664\" data-element_type=\"widget\" data-e-type=\"widget\" data-widget_type=\"heading.default\">\n\t\t\t\t<div class=\"elementor-widget-container\">\n\t\t\t\t\t<h2 class=\"elementor-heading-title elementor-size-default\">Program Manager, s.Oliver<\/h2>\t\t\t\t<\/div>\n\t\t\t\t<\/div>\n\t\t\t\t\t<\/div>\n\t\t<\/div>\n\t\t\t\t\t<\/div>\n\t\t<\/section>\n\t\t\t\t<\/div>\n\t\t","protected":false},"excerpt":{"rendered":"<p>Success Stories Erfolgreiche Kunden Projekte Lesen Sie wie dampioneers seinen Kunden hilft, mit effizienten Prozessen rund um Digital Asset Management L\u00f6sungen erfolgreich zu sein Zu den Projekten Timos Professionalit\u00e4t auf dem Gebiet des Digital Asset Management (DAM) war au\u00dfergew\u00f6hnlich. Er hat sich aktiv mit den Stakeholdern bei s.Oliver auseinandergesetzt und das Projekt als Projektmanager effektiv [&hellip;]<\/p>\n","protected":false},"author":3,"featured_media":0,"parent":0,"menu_order":8,"comment_status":"closed","ping_status":"closed","template":"","meta":{"footnotes":""},"class_list":["post-6116","page","type-page","status-publish","hentry"],"_links":{"self":[{"href":"https:\/\/www.dampioneers.com\/de\/wp-json\/wp\/v2\/pages\/6116","targetHints":{"allow":["GET"]}}],"collection":[{"href":"https:\/\/www.dampioneers.com\/de\/wp-json\/wp\/v2\/pages"}],"about":[{"href":"https:\/\/www.dampioneers.com\/de\/wp-json\/wp\/v2\/types\/page"}],"author":[{"embeddable":true,"href":"https:\/\/www.dampioneers.com\/de\/wp-json\/wp\/v2\/users\/3"}],"replies":[{"embeddable":true,"href":"https:\/\/www.dampioneers.com\/de\/wp-json\/wp\/v2\/comments?post=6116"}],"version-history":[{"count":12,"href":"https:\/\/www.dampioneers.com\/de\/wp-json\/wp\/v2\/pages\/6116\/revisions"}],"predecessor-version":[{"id":11918,"href":"https:\/\/www.dampioneers.com\/de\/wp-json\/wp\/v2\/pages\/6116\/revisions\/11918"}],"wp:attachment":[{"href":"https:\/\/www.dampioneers.com\/de\/wp-json\/wp\/v2\/media?parent=6116"}],"curies":[{"name":"wp","href":"https:\/\/api.w.org\/{rel}","templated":true}]}}