{"id":4441,"date":"2023-01-12T13:43:09","date_gmt":"2023-01-12T12:43:09","guid":{"rendered":"https:\/\/dev.dampioneers.com\/ueber\/"},"modified":"2026-04-16T16:28:05","modified_gmt":"2026-04-16T14:28:05","slug":"uber","status":"publish","type":"page","link":"https:\/\/www.dampioneers.com\/de\/uber\/","title":{"rendered":"\u00dcber"},"content":{"rendered":"\t\t<div data-elementor-type=\"wp-page\" data-elementor-id=\"4441\" class=\"elementor elementor-4441 elementor-503\" data-elementor-post-type=\"page\">\n\t\t\t\t\t\t<section class=\"elementor-section elementor-top-section elementor-element elementor-element-7b4fd847 elementor-section-full_width elementor-section-height-min-height elementor-section-items-stretch elementor-section-content-middle elementor-section-height-default\" data-id=\"7b4fd847\" data-element_type=\"section\" data-e-type=\"section\" data-settings=\"{&quot;background_background&quot;:&quot;classic&quot;}\">\n\t\t\t\t\t\t\t<div class=\"elementor-background-overlay\"><\/div>\n\t\t\t\t\t\t\t<div class=\"elementor-container elementor-column-gap-no\">\n\t\t\t\t\t<div class=\"elementor-column elementor-col-50 elementor-top-column elementor-element elementor-element-14abb505\" data-id=\"14abb505\" data-element_type=\"column\" data-e-type=\"column\">\n\t\t\t<div class=\"elementor-widget-wrap elementor-element-populated\">\n\t\t\t\t\t\t<div class=\"elementor-element elementor-element-cd32a22 elementor-widget elementor-widget-image\" data-id=\"cd32a22\" data-element_type=\"widget\" data-e-type=\"widget\" data-widget_type=\"image.default\">\n\t\t\t\t<div class=\"elementor-widget-container\">\n\t\t\t\t\t\t\t\t\t\t\t\t\t\t\t<img fetchpriority=\"high\" decoding=\"async\" width=\"2560\" height=\"1920\" src=\"https:\/\/www.dampioneers.com\/wp-content\/uploads\/2023\/01\/bay-area.jpeg\" class=\"attachment-full size-full wp-image-4189\" alt=\"DAM Experts and Consultants Timo Faber\" srcset=\"https:\/\/www.dampioneers.com\/wp-content\/uploads\/2023\/01\/bay-area.jpeg 2560w, https:\/\/www.dampioneers.com\/wp-content\/uploads\/2023\/01\/bay-area-300x225.jpeg 300w, https:\/\/www.dampioneers.com\/wp-content\/uploads\/2023\/01\/bay-area-1024x768.jpeg 1024w, https:\/\/www.dampioneers.com\/wp-content\/uploads\/2023\/01\/bay-area-768x576.jpeg 768w, https:\/\/www.dampioneers.com\/wp-content\/uploads\/2023\/01\/bay-area-1536x1152.jpeg 1536w, https:\/\/www.dampioneers.com\/wp-content\/uploads\/2023\/01\/bay-area-2048x1536.jpeg 2048w\" sizes=\"(max-width: 2560px) 100vw, 2560px\" title=\"\">\t\t\t\t\t\t\t\t\t\t\t\t\t\t\t<\/div>\n\t\t\t\t<\/div>\n\t\t\t\t\t<\/div>\n\t\t<\/div>\n\t\t\t\t<div class=\"elementor-column elementor-col-50 elementor-top-column elementor-element elementor-element-86fb1d2\" data-id=\"86fb1d2\" data-element_type=\"column\" data-e-type=\"column\">\n\t\t\t<div class=\"elementor-widget-wrap elementor-element-populated\">\n\t\t\t\t\t\t<div class=\"elementor-element elementor-element-8ac4168 elementor-widget elementor-widget-heading\" data-id=\"8ac4168\" data-element_type=\"widget\" data-e-type=\"widget\" data-widget_type=\"heading.default\">\n\t\t\t\t<div class=\"elementor-widget-container\">\n\t\t\t\t\t<h2 class=\"elementor-heading-title elementor-size-default\">\u00dcber dampioneers<\/h2>\t\t\t\t<\/div>\n\t\t\t\t<\/div>\n\t\t\t\t<div class=\"elementor-element elementor-element-70aff8f elementor-invisible elementor-widget elementor-widget-heading\" data-id=\"70aff8f\" data-element_type=\"widget\" data-e-type=\"widget\" data-settings=\"{&quot;_animation&quot;:&quot;fadeInRight&quot;}\" data-widget_type=\"heading.default\">\n\t\t\t\t<div class=\"elementor-widget-container\">\n\t\t\t\t\t<h1 class=\"elementor-heading-title elementor-size-default\">Unabh\u00e4ngiger DAM<\/h1>\t\t\t\t<\/div>\n\t\t\t\t<\/div>\n\t\t\t\t<div class=\"elementor-element elementor-element-6830bf2 elementor-invisible elementor-widget elementor-widget-heading\" data-id=\"6830bf2\" data-element_type=\"widget\" data-e-type=\"widget\" data-settings=\"{&quot;_animation&quot;:&quot;fadeInRight&quot;}\" data-widget_type=\"heading.default\">\n\t\t\t\t<div class=\"elementor-widget-container\">\n\t\t\t\t\t<h1 class=\"elementor-heading-title elementor-size-default\">Berater<\/h1>\t\t\t\t<\/div>\n\t\t\t\t<\/div>\n\t\t\t\t<div class=\"elementor-element elementor-element-a62ea77 elementor-invisible elementor-widget elementor-widget-text-editor\" data-id=\"a62ea77\" data-element_type=\"widget\" data-e-type=\"widget\" data-settings=\"{&quot;_animation&quot;:&quot;fadeInUp&quot;}\" data-widget_type=\"text-editor.default\">\n\t\t\t\t<div class=\"elementor-widget-container\">\n\t\t\t\t\t\t\t\t\t<p>Timo Faber ist ein unabh\u00e4ngiger Digital Asset Management (DAM) Berater und Gr\u00fcnder von dampioneers mit Sitz in M\u00fcnchen. Mit \u00fcber 20 Jahren praktischer Erfahrung im gesamten DAM-Lebenszyklus hilft er gro\u00dfen Unternehmen in der DACH-Region, Europa und den USA bei der Auswahl, Implementierung, Integration und Optimierung von DAM-Systemen \u2014 vollst\u00e4ndig herstellerunabh\u00e4ngig, ohne kommerzielle Bindungen an DAM-Anbieter.<\/p>\n\t\t\t\t\t\t\t\t<\/div>\n\t\t\t\t<\/div>\n\t\t\t\t<div class=\"elementor-element elementor-element-2760864 elementor-align-left animated-slow elementor-invisible elementor-widget elementor-widget-button\" data-id=\"2760864\" data-element_type=\"widget\" data-e-type=\"widget\" data-settings=\"{&quot;_animation&quot;:&quot;fadeIn&quot;}\" data-widget_type=\"button.default\">\n\t\t\t\t<div class=\"elementor-widget-container\">\n\t\t\t\t\t\t\t\t\t<div class=\"elementor-button-wrapper\">\n\t\t\t\t\t<a class=\"elementor-button elementor-button-link elementor-size-sm\" href=\"#dampioneers-story\">\n\t\t\t\t\t\t<span class=\"elementor-button-content-wrapper\">\n\t\t\t\t\t\t<span class=\"elementor-button-icon\">\n\t\t\t\t<i aria-hidden=\"true\" class=\"fas fa-chevron-down\"><\/i>\t\t\t<\/span>\n\t\t\t\t\t\t\t\t\t<span class=\"elementor-button-text\">Weiterlesen<\/span>\n\t\t\t\t\t<\/span>\n\t\t\t\t\t<\/a>\n\t\t\t\t<\/div>\n\t\t\t\t\t\t\t\t<\/div>\n\t\t\t\t<\/div>\n\t\t\t\t\t<\/div>\n\t\t<\/div>\n\t\t\t\t\t<\/div>\n\t\t<\/section>\n\t\t\t\t<section class=\"elementor-section elementor-top-section elementor-element elementor-element-4c3b5e4 elementor-section-full_width elementor-reverse-mobile elementor-reverse-tablet elementor-section-height-default elementor-section-height-default\" data-id=\"4c3b5e4\" data-element_type=\"section\" data-e-type=\"section\" id=\"dampioneers-story\">\n\t\t\t\t\t\t<div class=\"elementor-container elementor-column-gap-no\">\n\t\t\t\t\t<div class=\"elementor-column elementor-col-50 elementor-top-column elementor-element elementor-element-ea75211\" data-id=\"ea75211\" data-element_type=\"column\" data-e-type=\"column\" data-settings=\"{&quot;background_background&quot;:&quot;classic&quot;}\">\n\t\t\t<div class=\"elementor-widget-wrap elementor-element-populated\">\n\t\t\t\t\t\t<div class=\"elementor-element elementor-element-9a5b687 elementor-widget elementor-widget-image\" data-id=\"9a5b687\" data-element_type=\"widget\" data-e-type=\"widget\" data-widget_type=\"image.default\">\n\t\t\t\t<div class=\"elementor-widget-container\">\n\t\t\t\t\t\t\t\t\t\t\t\t\t\t\t<img decoding=\"async\" width=\"615\" height=\"1024\" src=\"https:\/\/www.dampioneers.com\/wp-content\/uploads\/2026\/03\/Timo_Faber_Portrait_About-615x1024.png\" class=\"attachment-large size-large wp-image-11402\" alt=\"About Timo Faber dampioneers\" srcset=\"https:\/\/www.dampioneers.com\/wp-content\/uploads\/2026\/03\/Timo_Faber_Portrait_About-615x1024.png 615w, https:\/\/www.dampioneers.com\/wp-content\/uploads\/2026\/03\/Timo_Faber_Portrait_About-180x300.png 180w, https:\/\/www.dampioneers.com\/wp-content\/uploads\/2026\/03\/Timo_Faber_Portrait_About-768x1278.png 768w, https:\/\/www.dampioneers.com\/wp-content\/uploads\/2026\/03\/Timo_Faber_Portrait_About-923x1536.png 923w, https:\/\/www.dampioneers.com\/wp-content\/uploads\/2026\/03\/Timo_Faber_Portrait_About.png 1039w\" sizes=\"(max-width: 615px) 100vw, 615px\" title=\"\">\t\t\t\t\t\t\t\t\t\t\t\t\t\t\t<\/div>\n\t\t\t\t<\/div>\n\t\t\t\t\t<\/div>\n\t\t<\/div>\n\t\t\t\t<div class=\"elementor-column elementor-col-50 elementor-top-column elementor-element elementor-element-4ffc335\" data-id=\"4ffc335\" data-element_type=\"column\" data-e-type=\"column\" data-settings=\"{&quot;background_background&quot;:&quot;classic&quot;}\">\n\t\t\t<div class=\"elementor-widget-wrap elementor-element-populated\">\n\t\t\t\t\t\t<div class=\"elementor-element elementor-element-c60f832 elementor-widget elementor-widget-heading\" data-id=\"c60f832\" data-element_type=\"widget\" data-e-type=\"widget\" data-widget_type=\"heading.default\">\n\t\t\t\t<div class=\"elementor-widget-container\">\n\t\t\t\t\t<h2 class=\"elementor-heading-title elementor-size-default\"><a href=\"#dampioneers-story\">Geschichte<\/a><\/h2>\t\t\t\t<\/div>\n\t\t\t\t<\/div>\n\t\t\t\t<div class=\"elementor-element elementor-element-389fdf9 elementor-widget__width-initial elementor-widget elementor-widget-text-editor\" data-id=\"389fdf9\" data-element_type=\"widget\" data-e-type=\"widget\" data-widget_type=\"text-editor.default\">\n\t\t\t\t<div class=\"elementor-widget-container\">\n\t\t\t\t\t\t\t\t\t<p class=\"font-claude-response-body break-words whitespace-normal leading-[1.7]\">Nach mehr als zwei Jahrzehnten in f\u00fchrenden technischen Positionen bei Xinet, einem f\u00fchrenden DAM-Anbieter mit Sitz in Berkeley, Kalifornien, der sp\u00e4ter von Northplains \u00fcbernommen wurde, hatte Timo Faber eine ungew\u00f6hnliche Perspektive: Er kannte DAM-Systeme von innen, verstand aber durch den t\u00e4glichen Kontakt mit Kunden und Integrationspartnern in Europa und den USA auch genau, wo sie in der Praxis an ihre Grenzen stie\u00dfen.<\/p><br><p class=\"font-claude-response-body break-words whitespace-normal leading-[1.7]\">Ende der 2010er Jahre hatte der Druck auf Marketing- und Content-Teams einen Wendepunkt erreicht. Die Explosion digitaler Ausgabekan\u00e4le lie\u00df die Asset-Volumina schneller wachsen, als Teams sie manuell bew\u00e4ltigen konnten. Unternehmen wussten, dass sie DAM brauchten, aber der Markt war fragmentiert, Anbieterversprechen schwer zu \u00fcberpr\u00fcfen, und es fehlte jemand, der wirklich auf der Seite des Kunden stand.<\/p><br><p class=\"font-claude-response-body break-words whitespace-normal leading-[1.7]\">Diese L\u00fccke zu schlie\u00dfen ist der Grund, warum dampioneers gegr\u00fcndet wurde. Timo Faber gr\u00fcndete dampioneers in M\u00fcnchen als vollst\u00e4ndig unabh\u00e4ngige, herstellerunabh\u00e4ngige DAM-Beratung, ohne kommerzielle Bindungen an Softwareanbieter. Die einzige Agenda ist es, die L\u00f6sung zu finden, die wirklich zum Kunden passt.<\/p>\t\t\t\t\t\t\t\t<\/div>\n\t\t\t\t<\/div>\n\t\t\t\t<div class=\"elementor-element elementor-element-b0f3d4f elementor-widget elementor-widget-heading\" data-id=\"b0f3d4f\" data-element_type=\"widget\" data-e-type=\"widget\" data-widget_type=\"heading.default\">\n\t\t\t\t<div class=\"elementor-widget-container\">\n\t\t\t\t\t<h2 class=\"elementor-heading-title elementor-size-default\">Timo Faber<\/h2>\t\t\t\t<\/div>\n\t\t\t\t<\/div>\n\t\t\t\t<div class=\"elementor-element elementor-element-c9f5e8d elementor-widget__width-initial elementor-widget elementor-widget-text-editor\" data-id=\"c9f5e8d\" data-element_type=\"widget\" data-e-type=\"widget\" data-widget_type=\"text-editor.default\">\n\t\t\t\t<div class=\"elementor-widget-container\">\n\t\t\t\t\t\t\t\t\t<p class=\"font-claude-response-body break-words whitespace-normal leading-[1.7]\">Timo Faber gr\u00fcndete dampioneers nach mehr als zwei Jahrzehnten im Herz der DAM-Branche. Als Product Manager bei Xinet, sp\u00e4ter von Northplains \u00fcbernommen, verantwortete er die globale Produktstrategie eines der f\u00fchrenden DAM-Anbieter seiner Zeit und arbeitete direkt mit Fortune-500-Kunden, Integrationspartnern und Softwareanbietern weltweit zusammen.<\/p>\n<p><\/p>\n<p class=\"font-claude-response-body break-words whitespace-normal leading-[1.7]\">Heute bringt Timo als unabh\u00e4ngiger Berater diese Expertise der Anbieterseite auf die Kundenseite, und hilft Unternehmen, sich in einem hochfragmentierten DAM-Markt zurechtzufinden und die L\u00f6sung zu implementieren, die wirklich zu ihren Anforderungen passt. Seine Arbeit umfasst DAM-Strategie, Systemauswahl, RFI\/RFP-Management, Implementierungs-Projektmanagement, MarTech-Integration, DAM-Optimierung und Migration.<\/p>\n<p><\/p>\n<p class=\"font-claude-response-body break-words whitespace-normal leading-[1.7]\">Timo arbeitet branchen\u00fcbergreifend, u.a. in den Bereichen Mode und Handel (s.Oliver), Gartenger\u00e4te (STIHL), Profifu\u00dfball (VFB Stuttgart, Eintracht Frankfurt), Hospitality (Michel Reybier Hospitality), Medienproduktion (Br\u00fcggli Media) und Marketingagenturen (McCann, Envolved). Er ist regelm\u00e4\u00dfiger Speaker und Panel-Moderator auf internationalen DAM-Konferenzen wie OnDAM Paris oder Henry Stewart DAM Europe in London.<\/p>\n\t\t\t\t\t\t\t\t<\/div>\n\t\t\t\t<\/div>\n\t\t\t\t\t<\/div>\n\t\t<\/div>\n\t\t\t\t\t<\/div>\n\t\t<\/section>\n\t\t\t\t<section class=\"elementor-section elementor-top-section elementor-element elementor-element-ee5e28f elementor-section-full_width elementor-section-height-min-height elementor-section-stretched elementor-section-height-default elementor-section-items-middle\" data-id=\"ee5e28f\" data-element_type=\"section\" data-e-type=\"section\" data-settings=\"{&quot;stretch_section&quot;:&quot;section-stretched&quot;,&quot;background_background&quot;:&quot;gradient&quot;}\">\n\t\t\t\t\t\t<div class=\"elementor-container elementor-column-gap-default\">\n\t\t\t\t\t<div class=\"elementor-column elementor-col-100 elementor-top-column elementor-element elementor-element-6f3080c7\" data-id=\"6f3080c7\" data-element_type=\"column\" data-e-type=\"column\">\n\t\t\t<div class=\"elementor-widget-wrap elementor-element-populated\">\n\t\t\t\t\t\t<div class=\"elementor-element elementor-element-49e134d4 elementor-blockquote--skin-quotation elementor-blockquote--align-left elementor-widget elementor-widget-blockquote\" data-id=\"49e134d4\" data-element_type=\"widget\" data-e-type=\"widget\" data-widget_type=\"blockquote.default\">\n\t\t\t\t<div class=\"elementor-widget-container\">\n\t\t\t\t\t\t\t<blockquote class=\"elementor-blockquote\">\n\t\t\t<p class=\"elementor-blockquote__content\">\n\t\t\t\tMit seinem technischen und konzeptionellen Fachwissen  hat Timo uns im Laufe der Jahre immer wieder in Fragen des Workflow-Engineering und des Digital Asset Management beraten. Mit seiner ruhigen, pragmatischen und analytischen Herangehensweise an die Produktentwicklung und -verbesserung war Timos Professionalit\u00e4t f\u00fcr die Projektrealisierung unabdingbar und zeugte von einem kompetenten Verst\u00e4ndnis eines wettbewerbsintensiven Marktes\t\t\t<\/p>\n\t\t\t\t\t\t\t<div class=\"e-q-footer\">\n\t\t\t\t\t\t\t\t\t\t\t<cite class=\"elementor-blockquote__author\">Stephen Lavey<\/cite>\n\t\t\t\t\t\t\t\t\t\t\t\t\t\t<\/div>\n\t\t\t\t\t<\/blockquote>\n\t\t\t\t\t\t<\/div>\n\t\t\t\t<\/div>\n\t\t\t\t<div class=\"elementor-element elementor-element-62ee35e8 elementor-widget elementor-widget-heading\" data-id=\"62ee35e8\" data-element_type=\"widget\" data-e-type=\"widget\" data-widget_type=\"heading.default\">\n\t\t\t\t<div class=\"elementor-widget-container\">\n\t\t\t\t\t<h2 class=\"elementor-heading-title elementor-size-default\">Prepress Manager, Walter Digital<\/h2>\t\t\t\t<\/div>\n\t\t\t\t<\/div>\n\t\t\t\t\t<\/div>\n\t\t<\/div>\n\t\t\t\t\t<\/div>\n\t\t<\/section>\n\t\t\t\t<section class=\"elementor-section elementor-top-section elementor-element elementor-element-39b8396 elementor-section-full_width elementor-section-height-default elementor-section-height-default\" data-id=\"39b8396\" data-element_type=\"section\" data-e-type=\"section\">\n\t\t\t\t\t\t<div class=\"elementor-container elementor-column-gap-default\">\n\t\t\t\t\t<div class=\"elementor-column elementor-col-100 elementor-top-column elementor-element elementor-element-7d72506\" data-id=\"7d72506\" data-element_type=\"column\" data-e-type=\"column\">\n\t\t\t<div class=\"elementor-widget-wrap elementor-element-populated\">\n\t\t\t\t\t\t\t<\/div>\n\t\t<\/div>\n\t\t\t\t\t<\/div>\n\t\t<\/section>\n\t\t\t\t<\/div>\n\t\t","protected":false},"excerpt":{"rendered":"<p>\u00dcber dampioneers Unabh\u00e4ngiger DAM Berater Timo Faber ist ein unabh\u00e4ngiger Digital Asset Management (DAM) Berater und Gr\u00fcnder von dampioneers mit Sitz in M\u00fcnchen. Mit \u00fcber 20 Jahren praktischer Erfahrung im gesamten DAM-Lebenszyklus hilft er gro\u00dfen Unternehmen in der DACH-Region, Europa und den USA bei der Auswahl, Implementierung, Integration und Optimierung von DAM-Systemen \u2014 vollst\u00e4ndig herstellerunabh\u00e4ngig, [&hellip;]<\/p>\n","protected":false},"author":3,"featured_media":0,"parent":0,"menu_order":11,"comment_status":"closed","ping_status":"closed","template":"","meta":{"footnotes":""},"class_list":["post-4441","page","type-page","status-publish","hentry"],"_links":{"self":[{"href":"https:\/\/www.dampioneers.com\/de\/wp-json\/wp\/v2\/pages\/4441","targetHints":{"allow":["GET"]}}],"collection":[{"href":"https:\/\/www.dampioneers.com\/de\/wp-json\/wp\/v2\/pages"}],"about":[{"href":"https:\/\/www.dampioneers.com\/de\/wp-json\/wp\/v2\/types\/page"}],"author":[{"embeddable":true,"href":"https:\/\/www.dampioneers.com\/de\/wp-json\/wp\/v2\/users\/3"}],"replies":[{"embeddable":true,"href":"https:\/\/www.dampioneers.com\/de\/wp-json\/wp\/v2\/comments?post=4441"}],"version-history":[{"count":15,"href":"https:\/\/www.dampioneers.com\/de\/wp-json\/wp\/v2\/pages\/4441\/revisions"}],"predecessor-version":[{"id":11880,"href":"https:\/\/www.dampioneers.com\/de\/wp-json\/wp\/v2\/pages\/4441\/revisions\/11880"}],"wp:attachment":[{"href":"https:\/\/www.dampioneers.com\/de\/wp-json\/wp\/v2\/media?parent=4441"}],"curies":[{"name":"wp","href":"https:\/\/api.w.org\/{rel}","templated":true}]}}