{"id":10613,"date":"2026-01-16T11:55:11","date_gmt":"2026-01-16T10:55:11","guid":{"rendered":"https:\/\/www.dampioneers.com\/warum-dampioneers\/"},"modified":"2026-04-16T16:18:35","modified_gmt":"2026-04-16T14:18:35","slug":"warum-dampioneers","status":"publish","type":"page","link":"https:\/\/www.dampioneers.com\/de\/warum-dampioneers\/","title":{"rendered":"Warum dampioneers?"},"content":{"rendered":"\t\t<div data-elementor-type=\"wp-page\" data-elementor-id=\"10613\" class=\"elementor elementor-10613 elementor-10607\" data-elementor-post-type=\"page\">\n\t\t\t\t\t\t<section class=\"elementor-section elementor-top-section elementor-element elementor-element-1f09fcde elementor-section-full_width elementor-section-items-stretch elementor-section-content-middle elementor-section-height-min-height elementor-section-height-default\" data-id=\"1f09fcde\" data-element_type=\"section\" data-e-type=\"section\" data-settings=\"{&quot;background_background&quot;:&quot;classic&quot;}\">\n\t\t\t\t\t\t\t<div class=\"elementor-background-overlay\"><\/div>\n\t\t\t\t\t\t\t<div class=\"elementor-container elementor-column-gap-default\">\n\t\t\t\t\t<div class=\"elementor-column elementor-col-50 elementor-top-column elementor-element elementor-element-2d6d46df\" data-id=\"2d6d46df\" data-element_type=\"column\" data-e-type=\"column\">\n\t\t\t<div class=\"elementor-widget-wrap elementor-element-populated\">\n\t\t\t\t\t\t<div class=\"elementor-element elementor-element-fae9b8f elementor-widget elementor-widget-image\" data-id=\"fae9b8f\" data-element_type=\"widget\" data-e-type=\"widget\" data-widget_type=\"image.default\">\n\t\t\t\t<div class=\"elementor-widget-container\">\n\t\t\t\t\t\t\t\t\t\t\t\t\t\t\t<img fetchpriority=\"high\" decoding=\"async\" width=\"800\" height=\"533\" src=\"https:\/\/www.dampioneers.com\/wp-content\/uploads\/2026\/01\/Stocksy_txpb23b7e6a8CE400_Medium_6499977-1024x682.jpg\" class=\"attachment-large size-large wp-image-10588\" alt=\"\u00dcber 20 Jahre DAM-Erfahrung, herstellerunabh\u00e4ngig und auf Ihrer Seite\" srcset=\"https:\/\/www.dampioneers.com\/wp-content\/uploads\/2026\/01\/Stocksy_txpb23b7e6a8CE400_Medium_6499977-1024x682.jpg 1024w, https:\/\/www.dampioneers.com\/wp-content\/uploads\/2026\/01\/Stocksy_txpb23b7e6a8CE400_Medium_6499977-300x200.jpg 300w, https:\/\/www.dampioneers.com\/wp-content\/uploads\/2026\/01\/Stocksy_txpb23b7e6a8CE400_Medium_6499977-768x512.jpg 768w, https:\/\/www.dampioneers.com\/wp-content\/uploads\/2026\/01\/Stocksy_txpb23b7e6a8CE400_Medium_6499977-1536x1024.jpg 1536w, https:\/\/www.dampioneers.com\/wp-content\/uploads\/2026\/01\/Stocksy_txpb23b7e6a8CE400_Medium_6499977.jpg 1733w\" sizes=\"(max-width: 800px) 100vw, 800px\" title=\"\">\t\t\t\t\t\t\t\t\t\t\t\t\t\t\t<\/div>\n\t\t\t\t<\/div>\n\t\t\t\t\t<\/div>\n\t\t<\/div>\n\t\t\t\t<div class=\"elementor-column elementor-col-50 elementor-top-column elementor-element elementor-element-4c6ca4f\" data-id=\"4c6ca4f\" data-element_type=\"column\" data-e-type=\"column\">\n\t\t\t<div class=\"elementor-widget-wrap elementor-element-populated\">\n\t\t\t\t\t\t<div class=\"elementor-element elementor-element-e19c97a elementor-widget elementor-widget-heading\" data-id=\"e19c97a\" data-element_type=\"widget\" data-e-type=\"widget\" data-widget_type=\"heading.default\">\n\t\t\t\t<div class=\"elementor-widget-container\">\n\t\t\t\t\t<h2 class=\"elementor-heading-title elementor-size-default\">Warum dampioneers?<\/h2>\t\t\t\t<\/div>\n\t\t\t\t<\/div>\n\t\t\t\t<div class=\"elementor-element elementor-element-847e605 elementor-invisible elementor-widget elementor-widget-heading\" data-id=\"847e605\" data-element_type=\"widget\" data-e-type=\"widget\" data-settings=\"{&quot;motion_fx_motion_fx_scrolling&quot;:&quot;yes&quot;,&quot;_animation&quot;:&quot;fadeInRight&quot;,&quot;motion_fx_devices&quot;:[&quot;desktop&quot;,&quot;laptop&quot;,&quot;tablet&quot;,&quot;mobile&quot;]}\" data-widget_type=\"heading.default\">\n\t\t\t\t<div class=\"elementor-widget-container\">\n\t\t\t\t\t<h2 class=\"elementor-heading-title elementor-size-default\">Die L\u00fccke schliessen<\/h2>\t\t\t\t<\/div>\n\t\t\t\t<\/div>\n\t\t\t\t<div class=\"elementor-element elementor-element-8537c9c elementor-invisible elementor-widget elementor-widget-heading\" data-id=\"8537c9c\" data-element_type=\"widget\" data-e-type=\"widget\" data-settings=\"{&quot;_animation&quot;:&quot;fadeInRight&quot;}\" data-widget_type=\"heading.default\">\n\t\t\t\t<div class=\"elementor-widget-container\">\n\t\t\t\t\t<h1 class=\"elementor-heading-title elementor-size-default\">zwischen Business und Technologie<\/h1>\t\t\t\t<\/div>\n\t\t\t\t<\/div>\n\t\t\t\t<div class=\"elementor-element elementor-element-67685cc elementor-invisible elementor-widget elementor-widget-text-editor\" data-id=\"67685cc\" data-element_type=\"widget\" data-e-type=\"widget\" data-settings=\"{&quot;_animation&quot;:&quot;fadeInUp&quot;}\" data-widget_type=\"text-editor.default\">\n\t\t\t\t<div class=\"elementor-widget-container\">\n\t\t\t\t\t\t\t\t\t<p>Dank unserer langj\u00e4hrigen Erfahrung in der DAM-Branche verf\u00fcgen wir \u00fcber eine einzigartige Perspektive, die uns zu einem unsch\u00e4tzbaren Asset f\u00fcr Ihr Projekt macht.<\/p>\n\t\t\t\t\t\t\t\t<\/div>\n\t\t\t\t<\/div>\n\t\t\t\t<div class=\"elementor-element elementor-element-8604335 elementor-align-left animated-slow elementor-invisible elementor-widget elementor-widget-button\" data-id=\"8604335\" data-element_type=\"widget\" data-e-type=\"widget\" data-settings=\"{&quot;_animation&quot;:&quot;fadeIn&quot;}\" data-widget_type=\"button.default\">\n\t\t\t\t<div class=\"elementor-widget-container\">\n\t\t\t\t\t\t\t\t\t<div class=\"elementor-button-wrapper\">\n\t\t\t\t\t<a class=\"elementor-button elementor-button-link elementor-size-sm\" href=\"#dampioneers-approach\">\n\t\t\t\t\t\t<span class=\"elementor-button-content-wrapper\">\n\t\t\t\t\t\t<span class=\"elementor-button-icon\">\n\t\t\t\t<i aria-hidden=\"true\" class=\"fas fa-chevron-down\"><\/i>\t\t\t<\/span>\n\t\t\t\t\t\t\t\t\t<span class=\"elementor-button-text\">Weiter<\/span>\n\t\t\t\t\t<\/span>\n\t\t\t\t\t<\/a>\n\t\t\t\t<\/div>\n\t\t\t\t\t\t\t\t<\/div>\n\t\t\t\t<\/div>\n\t\t\t\t\t<\/div>\n\t\t<\/div>\n\t\t\t\t\t<\/div>\n\t\t<\/section>\n\t\t\t\t<section class=\"elementor-section elementor-top-section elementor-element elementor-element-7f00409 elementor-section-full_width elementor-section-content-middle elementor-section-height-default elementor-section-height-default\" data-id=\"7f00409\" data-element_type=\"section\" data-e-type=\"section\" id=\"dampioneers-approach\">\n\t\t\t\t\t\t<div class=\"elementor-container elementor-column-gap-default\">\n\t\t\t\t\t<div class=\"elementor-column elementor-col-100 elementor-top-column elementor-element elementor-element-7e670e1\" data-id=\"7e670e1\" data-element_type=\"column\" data-e-type=\"column\">\n\t\t\t<div class=\"elementor-widget-wrap elementor-element-populated\">\n\t\t\t\t\t\t<div class=\"elementor-element elementor-element-617ed98 elementor-widget elementor-widget-heading\" data-id=\"617ed98\" data-element_type=\"widget\" data-e-type=\"widget\" data-widget_type=\"heading.default\">\n\t\t\t\t<div class=\"elementor-widget-container\">\n\t\t\t\t\t<h2 class=\"elementor-heading-title elementor-size-default\">Analyse und Strategie vor Software<\/h2>\t\t\t\t<\/div>\n\t\t\t\t<\/div>\n\t\t\t\t<div class=\"elementor-element elementor-element-5aa0871 elementor-widget elementor-widget-text-editor\" data-id=\"5aa0871\" data-element_type=\"widget\" data-e-type=\"widget\" data-widget_type=\"text-editor.default\">\n\t\t\t\t<div class=\"elementor-widget-container\">\n\t\t\t\t\t\t\t\t\t<p><a href=\"https:\/\/www.dampioneers.com\/de\/was-ist-digital-asset-management\/\">DAM<\/a> ist ein gro\u00dfes Unterfangen. Ehrlich, fast immer! Selbst wenn Sie nur von einem DAM-System auf ein anderes umsteigen, ist es wichtig, zun\u00e4chst eine Strategie zu entwickeln und diese dann umzusetzen. Um eine sinnvolle Strategie zu entwicklen, muss man verstehen, dass DAM zwar das Herzst\u00fcck f\u00fcr die Contentverwaltung in Ihrem Unternehmen ist, die Software selbst aber nur einen kleinen (wichtigen) Teil des Ganzen darstellt. Bevor Sie einen Softwareanbieter ausw\u00e4hlen, unterst\u00fctzen wir sie dabei eine Reihe von Schritten zu durchlaufen, die Ihr Unternehmen und Ihre F\u00e4higkeiten unter die Lupe nehmen ( DAM Maturity). Zu einer erfolgreichen DAM-Implementierung sollten Menschen, Prozesse, Informationen und Systeme, betrachtet werden \u2013 nicht nur der Kauf und die Installation einer Software.     <\/p>\n\t\t\t\t\t\t\t\t<\/div>\n\t\t\t\t<\/div>\n\t\t\t\t\t<\/div>\n\t\t<\/div>\n\t\t\t\t\t<\/div>\n\t\t<\/section>\n\t\t\t\t<section class=\"elementor-section elementor-top-section elementor-element elementor-element-48e6d60f elementor-section-full_width elementor-section-content-middle elementor-reverse-tablet elementor-reverse-mobile elementor-section-height-default elementor-section-height-default\" data-id=\"48e6d60f\" data-element_type=\"section\" data-e-type=\"section\" id=\"part-of-your-team\">\n\t\t\t\t\t\t<div class=\"elementor-container elementor-column-gap-default\">\n\t\t\t\t\t<div class=\"elementor-column elementor-col-100 elementor-top-column elementor-element elementor-element-7ff1213d\" data-id=\"7ff1213d\" data-element_type=\"column\" data-e-type=\"column\">\n\t\t\t<div class=\"elementor-widget-wrap elementor-element-populated\">\n\t\t\t\t\t\t<div class=\"elementor-element elementor-element-3acf9268 elementor-widget elementor-widget-heading\" data-id=\"3acf9268\" data-element_type=\"widget\" data-e-type=\"widget\" data-widget_type=\"heading.default\">\n\t\t\t\t<div class=\"elementor-widget-container\">\n\t\t\t\t\t<h2 class=\"elementor-heading-title elementor-size-default\">Wir sind Teil Ihres Teams<\/h2>\t\t\t\t<\/div>\n\t\t\t\t<\/div>\n\t\t\t\t<div class=\"elementor-element elementor-element-6766125d elementor-widget__width-initial elementor-widget elementor-widget-text-editor\" data-id=\"6766125d\" data-element_type=\"widget\" data-e-type=\"widget\" data-widget_type=\"text-editor.default\">\n\t\t\t\t<div class=\"elementor-widget-container\">\n\t\t\t\t\t\t\t\t\t<p>Eine vertrauensvolle Beziehung zu unseren Kunden ist f\u00fcr unseren gemeinsamen Erfolg von gr\u00f6\u00dfter Bedeutung. Wir sehen uns als tempor\u00e4ren Teil Ihres Projektteams und teilen unsere Erfahrung und unser Wissen in der DAM-Branche. Wir sorgen daf\u00fcr, dass Ihr Projekt schnell und effizient unter Ber\u00fccksichtigung von Zeit, Budget und Ressourcen abgeschlossen wird.  Durch unsere Zusammenarbeit kannst Du dein Team vor\u00fcbergehend erweitern, und nach erfolgreichem Projektabschluss die Kapazit\u00e4t problemlos und ohne weitere Verpflichtungen wieder reduzieren. Was bedeutet das f\u00fcr dich? Vollst\u00e4ndige Flexibilit\u00e4t und Vorhersehbarkeit bei der Projektplanung.<\/p>\n\t\t\t\t\t\t\t\t<\/div>\n\t\t\t\t<\/div>\n\t\t\t\t\t<\/div>\n\t\t<\/div>\n\t\t\t\t\t<\/div>\n\t\t<\/section>\n\t\t\t\t<section class=\"elementor-section elementor-top-section elementor-element elementor-element-e3512c6 elementor-section-full_width elementor-section-content-middle elementor-section-height-default elementor-section-height-default\" data-id=\"e3512c6\" data-element_type=\"section\" data-e-type=\"section\" id=\"business-tech\">\n\t\t\t\t\t\t<div class=\"elementor-container elementor-column-gap-wider\">\n\t\t\t\t\t<div class=\"elementor-column elementor-col-100 elementor-top-column elementor-element elementor-element-800fb25\" data-id=\"800fb25\" data-element_type=\"column\" data-e-type=\"column\">\n\t\t\t<div class=\"elementor-widget-wrap elementor-element-populated\">\n\t\t\t\t\t\t<div class=\"elementor-element elementor-element-ed721b0 elementor-widget elementor-widget-heading\" data-id=\"ed721b0\" data-element_type=\"widget\" data-e-type=\"widget\" data-widget_type=\"heading.default\">\n\t\t\t\t<div class=\"elementor-widget-container\">\n\t\t\t\t\t<h2 class=\"elementor-heading-title elementor-size-default\">Wir verstehen Business und Tech<\/h2>\t\t\t\t<\/div>\n\t\t\t\t<\/div>\n\t\t\t\t<div class=\"elementor-element elementor-element-2265ba4 elementor-widget__width-initial elementor-widget elementor-widget-text-editor\" data-id=\"2265ba4\" data-element_type=\"widget\" data-e-type=\"widget\" data-widget_type=\"text-editor.default\">\n\t\t\t\t<div class=\"elementor-widget-container\">\n\t\t\t\t\t\t\t\t\t<p>Timos seltene Kombination aus F\u00e4higkeiten macht ihn zu einem herausragenden Projektmanager f\u00fcr Ihr DAM-Projekt. Mit \u00fcber zwei Jahrzehnten Erfahrung bei einem DAM-Anbieter hat er ein tiefes Verst\u00e4ndnis f\u00fcr Digital Asset Management Software entwickelt \u2014 sowohl aus technischer als auch aus Anwenderperspektive. Er versteht, wie Implementierungsteams arbeiten und was es bedeutet, kundenspezifischen Code zu schreiben, um die Funktionalit\u00e4t einer L\u00f6sung zu erweitern oder sie mit bestehenden Softwaresystemen zu verbinden \u2014 so geschehen unter anderem bei Kunden wie STIHL, s.Oliver, Eintracht Frankfurt und Br\u00fcggli Media. Mit seiner Berufserfahrung als Implementation Consultant, Sales Engineer und Product Manager hat Timo immer dasselbe getan: Gesch\u00e4ftsanforderungen in Entwicklungsaufgaben \u00fcbersetzen. In anderen Worten, die L\u00fccke zwischen Business-Anforderungen und DAM-Technologie schlie\u00dfen.    <\/p>\n\t\t\t\t\t\t\t\t<\/div>\n\t\t\t\t<\/div>\n\t\t\t\t\t<\/div>\n\t\t<\/div>\n\t\t\t\t\t<\/div>\n\t\t<\/section>\n\t\t\t\t<section class=\"elementor-section elementor-top-section elementor-element elementor-element-c101c09 elementor-section-full_width elementor-section-content-middle elementor-section-height-default elementor-section-height-default\" data-id=\"c101c09\" data-element_type=\"section\" data-e-type=\"section\">\n\t\t\t\t\t\t<div class=\"elementor-container elementor-column-gap-wider\">\n\t\t\t\t\t<div class=\"elementor-column elementor-col-100 elementor-top-column elementor-element elementor-element-1a8027c\" data-id=\"1a8027c\" data-element_type=\"column\" data-e-type=\"column\">\n\t\t\t<div class=\"elementor-widget-wrap elementor-element-populated\">\n\t\t\t\t\t\t<div class=\"elementor-element elementor-element-301591d elementor-widget elementor-widget-heading\" data-id=\"301591d\" data-element_type=\"widget\" data-e-type=\"widget\" data-widget_type=\"heading.default\">\n\t\t\t\t<div class=\"elementor-widget-container\">\n\t\t\t\t\t<h2 class=\"elementor-heading-title elementor-size-default\">Mit 4 Stufen zum Erfolg<\/h2>\t\t\t\t<\/div>\n\t\t\t\t<\/div>\n\t\t\t\t\t<\/div>\n\t\t<\/div>\n\t\t\t\t\t<\/div>\n\t\t<\/section>\n\t\t\t\t<section class=\"elementor-section elementor-top-section elementor-element elementor-element-de811ce elementor-section-full_width elementor-section-content-middle elementor-section-height-default elementor-section-height-default\" data-id=\"de811ce\" data-element_type=\"section\" data-e-type=\"section\">\n\t\t\t\t\t\t<div class=\"elementor-container elementor-column-gap-wider\">\n\t\t\t\t\t<div class=\"elementor-column elementor-col-100 elementor-top-column elementor-element elementor-element-94ca2b9\" data-id=\"94ca2b9\" data-element_type=\"column\" data-e-type=\"column\">\n\t\t\t<div class=\"elementor-widget-wrap elementor-element-populated\">\n\t\t\t\t\t\t<div class=\"elementor-element elementor-element-290152c elementor-widget elementor-widget-text-editor\" data-id=\"290152c\" data-element_type=\"widget\" data-e-type=\"widget\" data-widget_type=\"text-editor.default\">\n\t\t\t\t<div class=\"elementor-widget-container\">\n\t\t\t\t\t\t\t\t\t<p>01 \u2013 Deep-Dive Prozess Analyse<\/p>\n\t\t\t\t\t\t\t\t<\/div>\n\t\t\t\t<\/div>\n\t\t\t\t<div class=\"elementor-element elementor-element-8bb9806 elementor-widget elementor-widget-text-editor\" data-id=\"8bb9806\" data-element_type=\"widget\" data-e-type=\"widget\" data-widget_type=\"text-editor.default\">\n\t\t\t\t<div class=\"elementor-widget-container\">\n\t\t\t\t\t\t\t\t\t<p>Wir analysieren Ihre Prozesse und Arbeitsabl\u00e4ufe sorgf\u00e4ltig und bewerten, ob die von Ihnen eingesetzte L\u00f6sung Ihren Anforderungen gerecht wird.<\/p>\n\t\t\t\t\t\t\t\t<\/div>\n\t\t\t\t<\/div>\n\t\t\t\t\t<\/div>\n\t\t<\/div>\n\t\t\t\t\t<\/div>\n\t\t<\/section>\n\t\t\t\t<section class=\"elementor-section elementor-top-section elementor-element elementor-element-16a186a elementor-section-full_width elementor-section-content-middle elementor-section-height-default elementor-section-height-default\" data-id=\"16a186a\" data-element_type=\"section\" data-e-type=\"section\">\n\t\t\t\t\t\t<div class=\"elementor-container elementor-column-gap-wider\">\n\t\t\t\t\t<div class=\"elementor-column elementor-col-100 elementor-top-column elementor-element elementor-element-4003d4c\" data-id=\"4003d4c\" data-element_type=\"column\" data-e-type=\"column\">\n\t\t\t<div class=\"elementor-widget-wrap elementor-element-populated\">\n\t\t\t\t\t\t<div class=\"elementor-element elementor-element-6b3bd0e elementor-widget elementor-widget-text-editor\" data-id=\"6b3bd0e\" data-element_type=\"widget\" data-e-type=\"widget\" data-widget_type=\"text-editor.default\">\n\t\t\t\t<div class=\"elementor-widget-container\">\n\t\t\t\t\t\t\t\t\t<p>02 \u2013 Pr\u00e4zise Anforderungsanalyse<\/p>\n\t\t\t\t\t\t\t\t<\/div>\n\t\t\t\t<\/div>\n\t\t\t\t<div class=\"elementor-element elementor-element-0fff9e4 elementor-widget elementor-widget-text-editor\" data-id=\"0fff9e4\" data-element_type=\"widget\" data-e-type=\"widget\" data-widget_type=\"text-editor.default\">\n\t\t\t\t<div class=\"elementor-widget-container\">\n\t\t\t\t\t\t\t\t\t<p>Wir gehen den Dingen auf den Grund. Indem wir kritische Fragen stellen, decken wir L\u00fccken in Ihren Abl\u00e4ufen auf und \u00fcbersetzen diese in einen konkreten Anforderungskatalog, der auf Ihre spezifischen Gesch\u00e4ftsanforderungen zugeschnitten ist und nicht auf ein theoretisches Ideal. <\/p>\n\t\t\t\t\t\t\t\t<\/div>\n\t\t\t\t<\/div>\n\t\t\t\t\t<\/div>\n\t\t<\/div>\n\t\t\t\t\t<\/div>\n\t\t<\/section>\n\t\t\t\t<section class=\"elementor-section elementor-top-section elementor-element elementor-element-501bc4d elementor-section-full_width elementor-section-content-middle elementor-section-height-default elementor-section-height-default\" data-id=\"501bc4d\" data-element_type=\"section\" data-e-type=\"section\">\n\t\t\t\t\t\t<div class=\"elementor-container elementor-column-gap-wider\">\n\t\t\t\t\t<div class=\"elementor-column elementor-col-100 elementor-top-column elementor-element elementor-element-3415453\" data-id=\"3415453\" data-element_type=\"column\" data-e-type=\"column\">\n\t\t\t<div class=\"elementor-widget-wrap elementor-element-populated\">\n\t\t\t\t\t\t<div class=\"elementor-element elementor-element-0ed833f elementor-widget elementor-widget-text-editor\" data-id=\"0ed833f\" data-element_type=\"widget\" data-e-type=\"widget\" data-widget_type=\"text-editor.default\">\n\t\t\t\t<div class=\"elementor-widget-container\">\n\t\t\t\t\t\t\t\t\t<p>03 \u2013 Unabh\u00e4ngige Platform Evaluierung<\/p>\n\t\t\t\t\t\t\t\t<\/div>\n\t\t\t\t<\/div>\n\t\t\t\t<div class=\"elementor-element elementor-element-f7ac9bb elementor-widget elementor-widget-text-editor\" data-id=\"f7ac9bb\" data-element_type=\"widget\" data-e-type=\"widget\" data-widget_type=\"text-editor.default\">\n\t\t\t\t<div class=\"elementor-widget-container\">\n\t\t\t\t\t\t\t\t\t<p data-path-to-node=\"16\">Wir durchschauen Verkaufsargumente. In Zusammenarbeit mit Ihrem Team verwalten wir den gesamten Bewertungsprozess, um sicherzustellen, dass Sie den Anbieter ausw\u00e4hlen, der tats\u00e4chlich zu Ihrer Roadmap passt, und nicht nur den mit der besten Demo. <\/p>\n\t\t\t\t\t\t\t\t<\/div>\n\t\t\t\t<\/div>\n\t\t\t\t\t<\/div>\n\t\t<\/div>\n\t\t\t\t\t<\/div>\n\t\t<\/section>\n\t\t\t\t<section class=\"elementor-section elementor-top-section elementor-element elementor-element-a427524 elementor-section-full_width elementor-section-content-middle elementor-section-height-default elementor-section-height-default\" data-id=\"a427524\" data-element_type=\"section\" data-e-type=\"section\">\n\t\t\t\t\t\t<div class=\"elementor-container elementor-column-gap-wider\">\n\t\t\t\t\t<div class=\"elementor-column elementor-col-100 elementor-top-column elementor-element elementor-element-59a1e5f\" data-id=\"59a1e5f\" data-element_type=\"column\" data-e-type=\"column\">\n\t\t\t<div class=\"elementor-widget-wrap elementor-element-populated\">\n\t\t\t\t\t\t<div class=\"elementor-element elementor-element-70bf50b elementor-widget elementor-widget-text-editor\" data-id=\"70bf50b\" data-element_type=\"widget\" data-e-type=\"widget\" data-widget_type=\"text-editor.default\">\n\t\t\t\t<div class=\"elementor-widget-container\">\n\t\t\t\t\t\t\t\t\t<p>04 \u2013 Implementierung Nach Agiler Methodik<\/p>\n\t\t\t\t\t\t\t\t<\/div>\n\t\t\t\t<\/div>\n\t\t\t\t<div class=\"elementor-element elementor-element-d52657f elementor-widget elementor-widget-text-editor\" data-id=\"d52657f\" data-element_type=\"widget\" data-e-type=\"widget\" data-widget_type=\"text-editor.default\">\n\t\t\t\t<div class=\"elementor-widget-container\">\n\t\t\t\t\t\t\t\t\t<p>Wir beschr\u00e4nken uns nicht auf die Bewertung von Anbietern und L\u00f6sungen, sondern unterst\u00fctzen Sie auch w\u00e4hrend der gesamten Implementierung Ihres DAM-Projekts. Wir sind davon \u00fcberzeugt, dass agiles Projektmanagement der Schl\u00fcssel zum Erfolg ist. <\/p>\n\t\t\t\t\t\t\t\t<\/div>\n\t\t\t\t<\/div>\n\t\t\t\t\t<\/div>\n\t\t<\/div>\n\t\t\t\t\t<\/div>\n\t\t<\/section>\n\t\t\t\t<section class=\"elementor-section elementor-top-section elementor-element elementor-element-1d3b5981 elementor-section-full_width elementor-section-height-min-height elementor-section-stretched elementor-section-height-default elementor-section-items-middle\" data-id=\"1d3b5981\" data-element_type=\"section\" data-e-type=\"section\" data-settings=\"{&quot;stretch_section&quot;:&quot;section-stretched&quot;,&quot;background_background&quot;:&quot;gradient&quot;}\">\n\t\t\t\t\t\t<div class=\"elementor-container elementor-column-gap-default\">\n\t\t\t\t\t<div class=\"elementor-column elementor-col-100 elementor-top-column elementor-element elementor-element-7a46200e\" data-id=\"7a46200e\" data-element_type=\"column\" data-e-type=\"column\">\n\t\t\t<div class=\"elementor-widget-wrap elementor-element-populated\">\n\t\t\t\t\t\t<div class=\"elementor-element elementor-element-3c302459 elementor-blockquote--skin-quotation elementor-blockquote--align-left elementor-widget elementor-widget-blockquote\" data-id=\"3c302459\" data-element_type=\"widget\" data-e-type=\"widget\" data-widget_type=\"blockquote.default\">\n\t\t\t\t<div class=\"elementor-widget-container\">\n\t\t\t\t\t\t\t<blockquote class=\"elementor-blockquote\">\n\t\t\t<p class=\"elementor-blockquote__content\">\n\t\t\t\tTimos Fachwissen in den Bereichen Digital Asset Management, Marketingtechnologie, Creative Operations und Creative Production hat wesentlich zum Erfolg meines Unternehmens beigetragen. Er verf\u00fcgt \u00fcber eine einzigartige Mischung aus Zuverl\u00e4ssigkeit, Kreativit\u00e4t und Probleml\u00f6sungskompetenz. Ich empfehle Timo von ganzem Herzen f\u00fcr seine au\u00dfergew\u00f6hnlichen Qualit\u00e4ten. Eine uneingeschr\u00e4nkte Empfehlung von mir - Timo ist gro\u00dfartig!\t\t\t<\/p>\n\t\t\t\t\t\t\t<div class=\"e-q-footer\">\n\t\t\t\t\t\t\t\t\t\t\t<cite class=\"elementor-blockquote__author\">Rob Pelmas, CTO NAPC<\/cite>\n\t\t\t\t\t\t\t\t\t\t\t\t\t\t<\/div>\n\t\t\t\t\t<\/blockquote>\n\t\t\t\t\t\t<\/div>\n\t\t\t\t<\/div>\n\t\t\t\t<div class=\"elementor-element elementor-element-160e4a2 elementor-widget elementor-widget-text-editor\" data-id=\"160e4a2\" data-element_type=\"widget\" data-e-type=\"widget\" data-widget_type=\"text-editor.default\">\n\t\t\t\t<div class=\"elementor-widget-container\">\n\t\t\t\t\t\t\t\t\t<p>Chief Technology Officer, NAPC<\/p>\n\t\t\t\t\t\t\t\t<\/div>\n\t\t\t\t<\/div>\n\t\t\t\t\t<\/div>\n\t\t<\/div>\n\t\t\t\t\t<\/div>\n\t\t<\/section>\n\t\t\t\t<\/div>\n\t\t","protected":false},"excerpt":{"rendered":"<p>Warum dampioneers? Die L\u00fccke schliessen zwischen Business und Technologie Dank unserer langj\u00e4hrigen Erfahrung in der DAM-Branche verf\u00fcgen wir \u00fcber eine einzigartige Perspektive, die uns zu einem unsch\u00e4tzbaren Asset f\u00fcr Ihr Projekt macht. Weiter Analyse und Strategie vor Software DAM ist ein gro\u00dfes Unterfangen. Ehrlich, fast immer! Selbst wenn Sie nur von einem DAM-System auf ein [&hellip;]<\/p>\n","protected":false},"author":3,"featured_media":4240,"parent":0,"menu_order":6,"comment_status":"closed","ping_status":"closed","template":"","meta":{"footnotes":""},"class_list":["post-10613","page","type-page","status-publish","has-post-thumbnail","hentry"],"_links":{"self":[{"href":"https:\/\/www.dampioneers.com\/de\/wp-json\/wp\/v2\/pages\/10613","targetHints":{"allow":["GET"]}}],"collection":[{"href":"https:\/\/www.dampioneers.com\/de\/wp-json\/wp\/v2\/pages"}],"about":[{"href":"https:\/\/www.dampioneers.com\/de\/wp-json\/wp\/v2\/types\/page"}],"author":[{"embeddable":true,"href":"https:\/\/www.dampioneers.com\/de\/wp-json\/wp\/v2\/users\/3"}],"replies":[{"embeddable":true,"href":"https:\/\/www.dampioneers.com\/de\/wp-json\/wp\/v2\/comments?post=10613"}],"version-history":[{"count":8,"href":"https:\/\/www.dampioneers.com\/de\/wp-json\/wp\/v2\/pages\/10613\/revisions"}],"predecessor-version":[{"id":11871,"href":"https:\/\/www.dampioneers.com\/de\/wp-json\/wp\/v2\/pages\/10613\/revisions\/11871"}],"wp:featuredmedia":[{"embeddable":true,"href":"https:\/\/www.dampioneers.com\/de\/wp-json\/wp\/v2\/media\/4240"}],"wp:attachment":[{"href":"https:\/\/www.dampioneers.com\/de\/wp-json\/wp\/v2\/media?parent=10613"}],"curies":[{"name":"wp","href":"https:\/\/api.w.org\/{rel}","templated":true}]}}